{"id":8131,"date":"2025-08-13T11:37:35","date_gmt":"2025-08-13T11:37:35","guid":{"rendered":"https:\/\/nestglobal.co.uk\/?page_id=8131"},"modified":"2025-11-25T13:41:11","modified_gmt":"2025-11-25T13:41:11","slug":"bizi-taniyin","status":"publish","type":"page","link":"https:\/\/nestglobal.co.uk\/en\/bizi-taniyin\/","title":{"rendered":"Get to Know Us"},"content":{"rendered":"<div data-elementor-type=\"wp-page\" data-elementor-id=\"8131\" class=\"elementor elementor-8131\">\n\t\t\t\t<div class=\"elementor-element elementor-element-9254f4f e-flex e-con-boxed e-con e-parent\" data-id=\"9254f4f\" data-element_type=\"container\" data-e-type=\"container\">\n\t\t\t\t\t<div class=\"e-con-inner\">\n\t\t\t\t<div class=\"elementor-element elementor-element-c02b80d elementor-widget elementor-widget-heading\" data-id=\"c02b80d\" data-element_type=\"widget\" data-e-type=\"widget\" data-widget_type=\"heading.default\">\n\t\t\t\t\t<h2 class=\"elementor-heading-title elementor-size-default\">Who We Are<\/h2>\t\t\t\t<\/div>\n\t\t\t\t<div class=\"elementor-element elementor-element-e155cdd elementor-widget elementor-widget-text-editor\" data-id=\"e155cdd\" data-element_type=\"widget\" data-e-type=\"widget\" data-widget_type=\"text-editor.default\">\n\t\t\t\t\t\t\t\t\t<p class=\"p1\"><em>Nest Global is more than a real estate consultancy; it is a trusted companion for those looking to invest and build a long-term life plan in London, Dubai, and Greece.<\/em><\/p>\t\t\t\t\t\t\t\t<\/div>\n\t\t\t\t\t<\/div>\n\t\t\t\t<\/div>\n\t\t<div class=\"elementor-element elementor-element-b5b298a e-flex e-con-boxed e-con e-parent\" data-id=\"b5b298a\" data-element_type=\"container\" data-e-type=\"container\">\n\t\t\t\t\t<div class=\"e-con-inner\">\n\t\t\t\t<div class=\"elementor-element elementor-element-bcdb1aa elementor-widget elementor-widget-heading\" data-id=\"bcdb1aa\" data-element_type=\"widget\" data-e-type=\"widget\" data-widget_type=\"heading.default\">\n\t\t\t\t\t<h2 class=\"elementor-heading-title elementor-size-default\">Founder<\/h2>\t\t\t\t<\/div>\n\t\t\t\t\t<\/div>\n\t\t\t\t<\/div>\n\t\t<div class=\"elementor-element elementor-element-d6542ab e-flex e-con-boxed e-con e-parent\" data-id=\"d6542ab\" data-element_type=\"container\" data-e-type=\"container\">\n\t\t\t\t\t<div class=\"e-con-inner\">\n\t\t<div class=\"elementor-element elementor-element-b4c8350 e-con-full e-flex e-con e-child\" data-id=\"b4c8350\" data-element_type=\"container\" data-e-type=\"container\">\n\t\t\t\t<div class=\"elementor-element elementor-element-4e1deff elementor-widget elementor-widget-testimonial\" data-id=\"4e1deff\" data-element_type=\"widget\" data-e-type=\"widget\" data-widget_type=\"testimonial.default\">\n\t\t\t\t\t\t\t<div class=\"elementor-testimonial-wrapper\">\n\t\t\t\t\t\t\t<div class=\"elementor-testimonial-content\">\u201cWith 30 years of experience in corporate life, I have led, built, and grown brands across different sectors. But my real journey began when my daughter started university in London. As a mother, I experienced first-hand the challenges of finding a home and the stress of moving year after year. That\u2019s when I realised: taking the right step at the right time saves years of rent and creates a legacy. With this awareness, Nest Global was founded \u2014 to ensure others don\u2019t face the same struggles.\u201d<\/div>\n\t\t\t\n\t\t\t\t\t\t<div class=\"elementor-testimonial-meta\">\n\t\t\t\t<div class=\"elementor-testimonial-meta-inner\">\n\t\t\t\t\t\n\t\t\t\t\t\t\t\t\t\t<div class=\"elementor-testimonial-details\">\n\t\t\t\t\t\t\t\t\t\t\t\t\t\t<div class=\"elementor-testimonial-name\">A\u00e7alya \u00d6ralay<\/div>\n\t\t\t\t\t\t\t\t\t\t\t\t\t\t\t\t\t\t\t\t\t\t<div class=\"elementor-testimonial-job\">Founder<\/div>\n\t\t\t\t\t\t\t\t\t\t\t\t\t<\/div>\n\t\t\t\t\t\t\t\t\t<\/div>\n\t\t\t<\/div>\n\t\t\t\t\t<\/div>\n\t\t\t\t\t\t<\/div>\n\t\t\t\t<\/div>\n\t\t<div class=\"elementor-element elementor-element-d22b496 e-con-full e-flex e-con e-child\" data-id=\"d22b496\" data-element_type=\"container\" data-e-type=\"container\">\n\t\t\t\t<div class=\"elementor-element elementor-element-2cb0c09 elementor-widget elementor-widget-image\" data-id=\"2cb0c09\" data-element_type=\"widget\" data-e-type=\"widget\" data-widget_type=\"image.default\">\n\t\t\t\t\t\t\t\t\t\t\t\t\t\t\t<img fetchpriority=\"high\" decoding=\"async\" width=\"500\" height=\"500\" src=\"https:\/\/nestglobal.co.uk\/wp-content\/uploads\/2025\/02\/gayimenkul-danismani-acalya-oralay.webp\" class=\"attachment-large size-large wp-image-9150\" alt=\"gayrimenkul dan\u0131\u015fman\u0131\" srcset=\"https:\/\/nestglobal.co.uk\/wp-content\/uploads\/2025\/02\/gayimenkul-danismani-acalya-oralay.webp 500w, https:\/\/nestglobal.co.uk\/wp-content\/uploads\/2025\/02\/gayimenkul-danismani-acalya-oralay-300x300.webp 300w, https:\/\/nestglobal.co.uk\/wp-content\/uploads\/2025\/02\/gayimenkul-danismani-acalya-oralay-150x150.webp 150w, https:\/\/nestglobal.co.uk\/wp-content\/uploads\/2025\/02\/gayimenkul-danismani-acalya-oralay-210x210.webp 210w\" sizes=\"(max-width: 500px) 100vw, 500px\" \/>\t\t\t\t\t\t\t\t\t\t\t\t\t\t\t<\/div>\n\t\t\t\t<\/div>\n\t\t\t\t\t<\/div>\n\t\t\t\t<\/div>\n\t\t<div class=\"elementor-element elementor-element-3cc331e e-flex e-con-boxed e-con e-parent\" data-id=\"3cc331e\" data-element_type=\"container\" data-e-type=\"container\">\n\t\t\t\t\t<div class=\"e-con-inner\">\n\t\t\t\t<div class=\"elementor-element elementor-element-36a9a49 elementor-widget elementor-widget-heading\" data-id=\"36a9a49\" data-element_type=\"widget\" data-e-type=\"widget\" data-widget_type=\"heading.default\">\n\t\t\t\t\t<h2 class=\"elementor-heading-title elementor-size-default\">Why Nest Global?<\/h2>\t\t\t\t<\/div>\n\t\t\t\t<div class=\"elementor-element elementor-element-8081211 elementor-widget elementor-widget-text-editor\" data-id=\"8081211\" data-element_type=\"widget\" data-e-type=\"widget\" data-widget_type=\"text-editor.default\">\n\t\t\t\t\t\t\t\t\t<ul><li><p class=\"p1\">Simplifying <strong>complex processes.<\/strong><\/p><\/li><li><p class=\"p1\">By your side <strong>at every step.<\/strong>.<\/p><\/li><li><p class=\"p1\">Providing both financial and <strong>human-focused<\/strong> guidance.<\/p><\/li><li><p class=\"p1\">At the end of the journey, we want you to say only one thing: <strong>'It was worth<\/strong> it.\u2019<\/p><\/li><\/ul>\t\t\t\t\t\t\t\t<\/div>\n\t\t\t\t\t<\/div>\n\t\t\t\t<\/div>\n\t\t\t\t<\/div>","protected":false},"excerpt":{"rendered":"<p>Biz Kimiz? Nest Global, yaln\u0131zca bir gayrimenkul dan\u0131\u015fmanl\u0131\u011f\u0131 de\u011fil; Londra, Dubai ve Yunanistan\u2019da hem yat\u0131r\u0131m yapmak hem de yeni bir ya\u015fam plan\u0131 kurmak isteyenler i\u00e7in g\u00fcvenilir bir yol arkada\u015f\u0131d\u0131r. Kurucu \u201cKurumsal hayattaki 30 y\u0131ll\u0131k deneyimim boyunca farkl\u0131 sekt\u00f6rlerde liderlik yapt\u0131m, markalar kurdum ve b\u00fcy\u00fctt\u00fcm. Ama ger\u00e7ek yolculuk, k\u0131z\u0131m Londra\u2019da \u00fcniversiteye ba\u015flad\u0131\u011f\u0131nda ba\u015flad\u0131. Bir anne olarak&#8230;<\/p>","protected":false},"author":1,"featured_media":0,"parent":0,"menu_order":0,"comment_status":"closed","ping_status":"closed","template":"","meta":{"footnotes":""},"class_list":["post-8131","page","type-page","status-publish","hentry"],"_links":{"self":[{"href":"https:\/\/nestglobal.co.uk\/en\/wp-json\/wp\/v2\/pages\/8131","targetHints":{"allow":["GET"]}}],"collection":[{"href":"https:\/\/nestglobal.co.uk\/en\/wp-json\/wp\/v2\/pages"}],"about":[{"href":"https:\/\/nestglobal.co.uk\/en\/wp-json\/wp\/v2\/types\/page"}],"author":[{"embeddable":true,"href":"https:\/\/nestglobal.co.uk\/en\/wp-json\/wp\/v2\/users\/1"}],"replies":[{"embeddable":true,"href":"https:\/\/nestglobal.co.uk\/en\/wp-json\/wp\/v2\/comments?post=8131"}],"version-history":[{"count":15,"href":"https:\/\/nestglobal.co.uk\/en\/wp-json\/wp\/v2\/pages\/8131\/revisions"}],"predecessor-version":[{"id":9804,"href":"https:\/\/nestglobal.co.uk\/en\/wp-json\/wp\/v2\/pages\/8131\/revisions\/9804"}],"wp:attachment":[{"href":"https:\/\/nestglobal.co.uk\/en\/wp-json\/wp\/v2\/media?parent=8131"}],"curies":[{"name":"wp","href":"https:\/\/api.w.org\/{rel}","templated":true}]}}