{"id":9900,"date":"2026-01-12T10:50:15","date_gmt":"2026-01-12T10:50:15","guid":{"rendered":"https:\/\/nestglobal.co.uk\/?page_id=9900"},"modified":"2026-01-12T10:52:56","modified_gmt":"2026-01-12T10:52:56","slug":"londra-2-el-ev","status":"publish","type":"page","link":"https:\/\/nestglobal.co.uk\/en\/londra-2-el-ev\/","title":{"rendered":"London 2nd Hand Housing Consultancy"},"content":{"rendered":"<div data-elementor-type=\"wp-page\" data-elementor-id=\"9900\" class=\"elementor elementor-9900\">\n\t\t\t\t<div class=\"elementor-element elementor-element-a08d3e3 e-flex e-con-boxed e-con e-parent\" data-id=\"a08d3e3\" data-element_type=\"container\" data-e-type=\"container\">\n\t\t\t\t\t<div class=\"e-con-inner\">\n\t\t\t\t<div class=\"elementor-element elementor-element-f11dce8 elementor-widget elementor-widget-heading\" data-id=\"f11dce8\" data-element_type=\"widget\" data-e-type=\"widget\" data-widget_type=\"heading.default\">\n\t\t\t\t\t<h2 class=\"elementor-heading-title elementor-size-default\">Opportunities Closed to the Market:\n<br>London 2nd Hand Residential &amp; Private Portfolio<\/h2>\t\t\t\t<\/div>\n\t\t\t\t<div class=\"elementor-element elementor-element-81fcb40 elementor-widget elementor-widget-heading\" data-id=\"81fcb40\" data-element_type=\"widget\" data-e-type=\"widget\" data-widget_type=\"heading.default\">\n\t\t\t\t\t<h3 class=\"elementor-heading-title elementor-size-default\">Second Hand Housing Consultancy Process<\/h3>\t\t\t\t<\/div>\n\t\t\t\t<div class=\"elementor-element elementor-element-214d257 elementor-widget elementor-widget-text-editor\" data-id=\"214d257\" data-element_type=\"widget\" data-e-type=\"widget\" data-widget_type=\"text-editor.default\">\n\t\t\t\t\t\t\t\t\t<p>The whole process starts with a detailed preliminary meeting with you.<\/p><p><strong>This is the first meeting;<\/strong> We clarify your budget, expectations, must-haves and priorities.<\/p><p>Based on this information, we will search all reliable second-hand property platforms in London to find the right properties for you. We will share with you the links, details and all technical information of the flats we think you might like.<\/p><p>Among the options shared, we see the ones that interest you and the houses you choose on site, if you wish, we can call you live video call or with detailed video footage, we present and advance the process remotely as if you were here.<\/p><p><strong>This is the first and most important step of the process.<\/strong><\/p><p>If you finalise the apartment, we will carry out the entire purchase process on your behalf, from the offer to the contract, from legal processes to the title deed transfer.<\/p>\t\t\t\t\t\t\t\t<\/div>\n\t\t\t\t<div class=\"elementor-element elementor-element-4ef451f elementor-widget elementor-widget-heading\" data-id=\"4ef451f\" data-element_type=\"widget\" data-e-type=\"widget\" data-widget_type=\"heading.default\">\n\t\t\t\t\t<h2 class=\"elementor-heading-title elementor-size-default\">In-depth Regional Analysis and Private Portfolio Access<\/h2>\t\t\t\t<\/div>\n\t\t\t\t<div class=\"elementor-element elementor-element-6687ce4 elementor-widget elementor-widget-text-editor\" data-id=\"6687ce4\" data-element_type=\"widget\" data-e-type=\"widget\" data-widget_type=\"text-editor.default\">\n\t\t\t\t\t\t\t\t\t<p>Within the scope of our consultancy, you will have access to the local network that Nest Global has established over the years, not only with the houses in the general market, but also according to your demands, and we will open our \u201cPrivate Portfolio\u201d to you, which you cannot find on the advertisement sites.<\/p><p>In addition, we conduct in-depth regional analyses for each second-hand house you are interested in; we put the premium potential of the region, urban transformation plans and past sales data on the table. Thus, we check not only the physical condition of the house you choose, but also its future as an investment tool on your behalf.<\/p>\t\t\t\t\t\t\t\t<\/div>\n\t\t\t\t<div class=\"elementor-element elementor-element-4a65001 elementor-widget elementor-widget-heading\" data-id=\"4a65001\" data-element_type=\"widget\" data-e-type=\"widget\" data-widget_type=\"heading.default\">\n\t\t\t\t\t<h2 class=\"elementor-heading-title elementor-size-default\">Negotiation and Process Management<\/h2>\t\t\t\t<\/div>\n\t\t\t\t<div class=\"elementor-element elementor-element-36c2b3f elementor-widget elementor-widget-text-editor\" data-id=\"36c2b3f\" data-element_type=\"widget\" data-e-type=\"widget\" data-widget_type=\"text-editor.default\">\n\t\t\t\t\t\t\t\t\t<p>We know that speed is everything in the London market, which is why we undertake the entire negotiation process for you. At the offer stage, we analyse the true market value of the house and negotiate professionally with the seller for the most advantageous price.<\/p><p>In this process, we manage all the legal and financial guidance you need, from title deeds (conveyancing) to mortgage applications, with our expert team.<\/p><p>Even if you are not in London, we complete the process safely by keeping every detail under control for you with our video tours and detailed expertise.<\/p>\t\t\t\t\t\t\t\t<\/div>\n\t\t\t\t\t<\/div>\n\t\t\t\t<\/div>\n\t\t\t\t<\/div>","protected":false},"excerpt":{"rendered":"<p>Pazara Kapal\u0131 F\u0131rsatlar: Londra 2. El Konut &amp; \u00d6zel Portf\u00f6y \u0130kinci El Konut Dan\u0131\u015fmanl\u0131k S\u00fcreci T\u00fcm s\u00fcre\u00e7, sizinle ger\u00e7ekle\u015ftirdi\u011fimiz detayl\u0131 bir \u00f6n toplant\u0131 ile ba\u015flar. Bu ilk g\u00f6r\u00fc\u015fmede; b\u00fct\u00e7enizi, beklentilerinizi, olmazsa olmazlar\u0131n\u0131z\u0131 ve \u00f6nceliklerinizi netle\u015ftiririz. Bu bilgiler do\u011frultusunda, Londra\u2019daki t\u00fcm g\u00fcvenilir ikinci el konut platformlar\u0131n\u0131 tarayarak sizin i\u00e7in en do\u011fru evleri belirleriz. Be\u011fenilebilece\u011fini d\u00fc\u015f\u00fcnd\u00fc\u011f\u00fcm\u00fcz dairelerin&#8230;<\/p>","protected":false},"author":1,"featured_media":0,"parent":0,"menu_order":0,"comment_status":"closed","ping_status":"closed","template":"","meta":{"footnotes":""},"class_list":["post-9900","page","type-page","status-publish","hentry"],"_links":{"self":[{"href":"https:\/\/nestglobal.co.uk\/en\/wp-json\/wp\/v2\/pages\/9900","targetHints":{"allow":["GET"]}}],"collection":[{"href":"https:\/\/nestglobal.co.uk\/en\/wp-json\/wp\/v2\/pages"}],"about":[{"href":"https:\/\/nestglobal.co.uk\/en\/wp-json\/wp\/v2\/types\/page"}],"author":[{"embeddable":true,"href":"https:\/\/nestglobal.co.uk\/en\/wp-json\/wp\/v2\/users\/1"}],"replies":[{"embeddable":true,"href":"https:\/\/nestglobal.co.uk\/en\/wp-json\/wp\/v2\/comments?post=9900"}],"version-history":[{"count":4,"href":"https:\/\/nestglobal.co.uk\/en\/wp-json\/wp\/v2\/pages\/9900\/revisions"}],"predecessor-version":[{"id":9904,"href":"https:\/\/nestglobal.co.uk\/en\/wp-json\/wp\/v2\/pages\/9900\/revisions\/9904"}],"wp:attachment":[{"href":"https:\/\/nestglobal.co.uk\/en\/wp-json\/wp\/v2\/media?parent=9900"}],"curies":[{"name":"wp","href":"https:\/\/api.w.org\/{rel}","templated":true}]}}