{"id":8131,"date":"2025-08-13T11:37:35","date_gmt":"2025-08-13T11:37:35","guid":{"rendered":"https:\/\/nestglobal.co.uk\/?page_id=8131"},"modified":"2025-11-25T13:41:11","modified_gmt":"2025-11-25T13:41:11","slug":"bizi-taniyin","status":"publish","type":"page","link":"https:\/\/nestglobal.co.uk\/tr_tr\/bizi-taniyin\/","title":{"rendered":"Bizi Tan\u0131y\u0131n"},"content":{"rendered":"\t\t<div data-elementor-type=\"wp-page\" data-elementor-id=\"8131\" class=\"elementor elementor-8131\">\n\t\t\t\t<div class=\"elementor-element elementor-element-9254f4f e-flex e-con-boxed e-con e-parent\" data-id=\"9254f4f\" data-element_type=\"container\" data-e-type=\"container\">\n\t\t\t\t\t<div class=\"e-con-inner\">\n\t\t\t\t<div class=\"elementor-element elementor-element-c02b80d elementor-widget elementor-widget-heading\" data-id=\"c02b80d\" data-element_type=\"widget\" data-e-type=\"widget\" data-widget_type=\"heading.default\">\n\t\t\t\t\t<h2 class=\"elementor-heading-title elementor-size-default\">Biz Kimiz?<\/h2>\t\t\t\t<\/div>\n\t\t\t\t<div class=\"elementor-element elementor-element-e155cdd elementor-widget elementor-widget-text-editor\" data-id=\"e155cdd\" data-element_type=\"widget\" data-e-type=\"widget\" data-widget_type=\"text-editor.default\">\n\t\t\t\t\t\t\t\t\t<p class=\"p1\"><em>Nest Global, yaln\u0131zca bir gayrimenkul dan\u0131\u015fmanl\u0131\u011f\u0131 de\u011fil; Londra, Dubai ve Yunanistan\u2019da hem yat\u0131r\u0131m yapmak hem de yeni bir ya\u015fam plan\u0131 kurmak isteyenler i\u00e7in g\u00fcvenilir bir yol arkada\u015f\u0131d\u0131r.<\/em><\/p>\t\t\t\t\t\t\t\t<\/div>\n\t\t\t\t\t<\/div>\n\t\t\t\t<\/div>\n\t\t<div class=\"elementor-element elementor-element-b5b298a e-flex e-con-boxed e-con e-parent\" data-id=\"b5b298a\" data-element_type=\"container\" data-e-type=\"container\">\n\t\t\t\t\t<div class=\"e-con-inner\">\n\t\t\t\t<div class=\"elementor-element elementor-element-bcdb1aa elementor-widget elementor-widget-heading\" data-id=\"bcdb1aa\" data-element_type=\"widget\" data-e-type=\"widget\" data-widget_type=\"heading.default\">\n\t\t\t\t\t<h2 class=\"elementor-heading-title elementor-size-default\">Kurucu<\/h2>\t\t\t\t<\/div>\n\t\t\t\t\t<\/div>\n\t\t\t\t<\/div>\n\t\t<div class=\"elementor-element elementor-element-d6542ab e-flex e-con-boxed e-con e-parent\" data-id=\"d6542ab\" data-element_type=\"container\" data-e-type=\"container\">\n\t\t\t\t\t<div class=\"e-con-inner\">\n\t\t<div class=\"elementor-element elementor-element-b4c8350 e-con-full e-flex e-con e-child\" data-id=\"b4c8350\" data-element_type=\"container\" data-e-type=\"container\">\n\t\t\t\t<div class=\"elementor-element elementor-element-4e1deff elementor-widget elementor-widget-testimonial\" data-id=\"4e1deff\" data-element_type=\"widget\" data-e-type=\"widget\" data-widget_type=\"testimonial.default\">\n\t\t\t\t\t\t\t<div class=\"elementor-testimonial-wrapper\">\n\t\t\t\t\t\t\t<div class=\"elementor-testimonial-content\">\u201cKurumsal hayattaki 30 y\u0131ll\u0131k deneyimim boyunca farkl\u0131 sekt\u00f6rlerde liderlik yapt\u0131m, markalar kurdum ve b\u00fcy\u00fctt\u00fcm. Ama ger\u00e7ek yolculuk, k\u0131z\u0131m Londra\u2019da \u00fcniversiteye ba\u015flad\u0131\u011f\u0131nda ba\u015flad\u0131. Bir anne olarak Londra\u2019da ev bulman\u0131n zorluklar\u0131n\u0131, her y\u0131l yeniden ta\u015f\u0131nman\u0131n stresini birebir ya\u015fad\u0131m. O g\u00fcn \u015funu fark ettim: Do\u011fru zamanda do\u011fru ad\u0131m\u0131 atmak, y\u0131llarca s\u00fcren kira masraf\u0131n\u0131 \u00f6nler ve bir miras b\u0131rak\u0131r. \u0130\u015fte Nest Global, tam da bu fark\u0131ndal\u0131kla do\u011fdu: ba\u015fkalar\u0131 ayn\u0131 hatalar\u0131 yapmas\u0131n diye.\u201d<\/div>\n\t\t\t\n\t\t\t\t\t\t<div class=\"elementor-testimonial-meta\">\n\t\t\t\t<div class=\"elementor-testimonial-meta-inner\">\n\t\t\t\t\t\n\t\t\t\t\t\t\t\t\t\t<div class=\"elementor-testimonial-details\">\n\t\t\t\t\t\t\t\t\t\t\t\t\t\t<div class=\"elementor-testimonial-name\">A\u00e7alya \u00d6ralay<\/div>\n\t\t\t\t\t\t\t\t\t\t\t\t\t\t\t\t\t\t\t\t\t\t<div class=\"elementor-testimonial-job\">Kurucu<\/div>\n\t\t\t\t\t\t\t\t\t\t\t\t\t<\/div>\n\t\t\t\t\t\t\t\t\t<\/div>\n\t\t\t<\/div>\n\t\t\t\t\t<\/div>\n\t\t\t\t\t\t<\/div>\n\t\t\t\t<\/div>\n\t\t<div class=\"elementor-element elementor-element-d22b496 e-con-full e-flex e-con e-child\" data-id=\"d22b496\" data-element_type=\"container\" data-e-type=\"container\">\n\t\t\t\t<div class=\"elementor-element elementor-element-2cb0c09 elementor-widget elementor-widget-image\" data-id=\"2cb0c09\" data-element_type=\"widget\" data-e-type=\"widget\" data-widget_type=\"image.default\">\n\t\t\t\t\t\t\t\t\t\t\t\t\t\t\t<img fetchpriority=\"high\" decoding=\"async\" width=\"500\" height=\"500\" src=\"https:\/\/nestglobal.co.uk\/wp-content\/uploads\/2025\/02\/gayimenkul-danismani-acalya-oralay.webp\" class=\"attachment-large size-large wp-image-9150\" alt=\"gayrimenkul dan\u0131\u015fman\u0131\" srcset=\"https:\/\/nestglobal.co.uk\/wp-content\/uploads\/2025\/02\/gayimenkul-danismani-acalya-oralay.webp 500w, https:\/\/nestglobal.co.uk\/wp-content\/uploads\/2025\/02\/gayimenkul-danismani-acalya-oralay-300x300.webp 300w, https:\/\/nestglobal.co.uk\/wp-content\/uploads\/2025\/02\/gayimenkul-danismani-acalya-oralay-150x150.webp 150w, https:\/\/nestglobal.co.uk\/wp-content\/uploads\/2025\/02\/gayimenkul-danismani-acalya-oralay-210x210.webp 210w\" sizes=\"(max-width: 500px) 100vw, 500px\" \/>\t\t\t\t\t\t\t\t\t\t\t\t\t\t\t<\/div>\n\t\t\t\t<\/div>\n\t\t\t\t\t<\/div>\n\t\t\t\t<\/div>\n\t\t<div class=\"elementor-element elementor-element-3cc331e e-flex e-con-boxed e-con e-parent\" data-id=\"3cc331e\" data-element_type=\"container\" data-e-type=\"container\">\n\t\t\t\t\t<div class=\"e-con-inner\">\n\t\t\t\t<div class=\"elementor-element elementor-element-36a9a49 elementor-widget elementor-widget-heading\" data-id=\"36a9a49\" data-element_type=\"widget\" data-e-type=\"widget\" data-widget_type=\"heading.default\">\n\t\t\t\t\t<h2 class=\"elementor-heading-title elementor-size-default\">Neden Nest Global?<\/h2>\t\t\t\t<\/div>\n\t\t\t\t<div class=\"elementor-element elementor-element-8081211 elementor-widget elementor-widget-text-editor\" data-id=\"8081211\" data-element_type=\"widget\" data-e-type=\"widget\" data-widget_type=\"text-editor.default\">\n\t\t\t\t\t\t\t\t\t<ul><li><p class=\"p1\">Karma\u015f\u0131k s\u00fcre\u00e7leri <strong>sadele\u015ftiriyoruz.<\/strong><\/p><\/li><li><p class=\"p1\">Sizin her ad\u0131m\u0131n\u0131zda <strong>yan\u0131n\u0131zday\u0131z<\/strong>.<\/p><\/li><li><p class=\"p1\">Hem finansal hem insani <strong>rehberlik<\/strong> sunuyoruz.<\/p><\/li><li><p class=\"p1\">Sonunda <strong>\u201c\u0130yi ki\u201d<\/strong> diyebilece\u011finiz bir yat\u0131r\u0131m deneyimi i\u00e7in \u00e7al\u0131\u015f\u0131yoruz.<\/p><\/li><\/ul>\t\t\t\t\t\t\t\t<\/div>\n\t\t\t\t\t<\/div>\n\t\t\t\t<\/div>\n\t\t\t\t<\/div>\n\t\t","protected":false},"excerpt":{"rendered":"<p>Biz Kimiz? Nest Global, yaln\u0131zca bir gayrimenkul dan\u0131\u015fmanl\u0131\u011f\u0131 de\u011fil; Londra, Dubai ve Yunanistan\u2019da hem yat\u0131r\u0131m yapmak hem de yeni bir ya\u015fam plan\u0131 kurmak isteyenler i\u00e7in g\u00fcvenilir bir yol arkada\u015f\u0131d\u0131r. Kurucu \u201cKurumsal hayattaki 30 y\u0131ll\u0131k deneyimim boyunca farkl\u0131 sekt\u00f6rlerde liderlik yapt\u0131m, markalar kurdum ve b\u00fcy\u00fctt\u00fcm. Ama ger\u00e7ek yolculuk, k\u0131z\u0131m Londra\u2019da \u00fcniversiteye ba\u015flad\u0131\u011f\u0131nda ba\u015flad\u0131. Bir anne olarak&#8230;<\/p>\n","protected":false},"author":1,"featured_media":0,"parent":0,"menu_order":0,"comment_status":"closed","ping_status":"closed","template":"","meta":{"footnotes":""},"class_list":["post-8131","page","type-page","status-publish","hentry"],"_links":{"self":[{"href":"https:\/\/nestglobal.co.uk\/tr_tr\/wp-json\/wp\/v2\/pages\/8131","targetHints":{"allow":["GET"]}}],"collection":[{"href":"https:\/\/nestglobal.co.uk\/tr_tr\/wp-json\/wp\/v2\/pages"}],"about":[{"href":"https:\/\/nestglobal.co.uk\/tr_tr\/wp-json\/wp\/v2\/types\/page"}],"author":[{"embeddable":true,"href":"https:\/\/nestglobal.co.uk\/tr_tr\/wp-json\/wp\/v2\/users\/1"}],"replies":[{"embeddable":true,"href":"https:\/\/nestglobal.co.uk\/tr_tr\/wp-json\/wp\/v2\/comments?post=8131"}],"version-history":[{"count":15,"href":"https:\/\/nestglobal.co.uk\/tr_tr\/wp-json\/wp\/v2\/pages\/8131\/revisions"}],"predecessor-version":[{"id":9804,"href":"https:\/\/nestglobal.co.uk\/tr_tr\/wp-json\/wp\/v2\/pages\/8131\/revisions\/9804"}],"wp:attachment":[{"href":"https:\/\/nestglobal.co.uk\/tr_tr\/wp-json\/wp\/v2\/media?parent=8131"}],"curies":[{"name":"wp","href":"https:\/\/api.w.org\/{rel}","templated":true}]}}