{"id":9900,"date":"2026-01-12T10:50:15","date_gmt":"2026-01-12T10:50:15","guid":{"rendered":"https:\/\/nestglobal.co.uk\/?page_id=9900"},"modified":"2026-01-12T10:52:56","modified_gmt":"2026-01-12T10:52:56","slug":"londra-2-el-ev","status":"publish","type":"page","link":"https:\/\/nestglobal.co.uk\/tr_tr\/londra-2-el-ev\/","title":{"rendered":"Londra 2. El Konut Dan\u0131\u015fmanl\u0131\u011f\u0131"},"content":{"rendered":"\t\t<div data-elementor-type=\"wp-page\" data-elementor-id=\"9900\" class=\"elementor elementor-9900\">\n\t\t\t\t<div class=\"elementor-element elementor-element-a08d3e3 e-flex e-con-boxed e-con e-parent\" data-id=\"a08d3e3\" data-element_type=\"container\" data-e-type=\"container\">\n\t\t\t\t\t<div class=\"e-con-inner\">\n\t\t\t\t<div class=\"elementor-element elementor-element-f11dce8 elementor-widget elementor-widget-heading\" data-id=\"f11dce8\" data-element_type=\"widget\" data-e-type=\"widget\" data-widget_type=\"heading.default\">\n\t\t\t\t\t<h2 class=\"elementor-heading-title elementor-size-default\">Pazara Kapal\u0131 F\u0131rsatlar:\n<br>Londra 2. El Konut &amp; \u00d6zel Portf\u00f6y<\/h2>\t\t\t\t<\/div>\n\t\t\t\t<div class=\"elementor-element elementor-element-81fcb40 elementor-widget elementor-widget-heading\" data-id=\"81fcb40\" data-element_type=\"widget\" data-e-type=\"widget\" data-widget_type=\"heading.default\">\n\t\t\t\t\t<h3 class=\"elementor-heading-title elementor-size-default\">\u0130kinci El Konut Dan\u0131\u015fmanl\u0131k S\u00fcreci<\/h3>\t\t\t\t<\/div>\n\t\t\t\t<div class=\"elementor-element elementor-element-214d257 elementor-widget elementor-widget-text-editor\" data-id=\"214d257\" data-element_type=\"widget\" data-e-type=\"widget\" data-widget_type=\"text-editor.default\">\n\t\t\t\t\t\t\t\t\t<p>T\u00fcm s\u00fcre\u00e7, sizinle ger\u00e7ekle\u015ftirdi\u011fimiz detayl\u0131 bir \u00f6n toplant\u0131 ile ba\u015flar.<\/p><p><strong>Bu ilk g\u00f6r\u00fc\u015fmede;<\/strong> b\u00fct\u00e7enizi, beklentilerinizi, olmazsa olmazlar\u0131n\u0131z\u0131 ve \u00f6nceliklerinizi netle\u015ftiririz.<\/p><p>Bu bilgiler do\u011frultusunda, Londra\u2019daki t\u00fcm g\u00fcvenilir ikinci el konut platformlar\u0131n\u0131 tarayarak sizin i\u00e7in en do\u011fru evleri belirleriz. Be\u011fenilebilece\u011fini d\u00fc\u015f\u00fcnd\u00fc\u011f\u00fcm\u00fcz dairelerin linklerini, detaylar\u0131n\u0131 ve t\u00fcm teknik bilgilerini sizinle payla\u015f\u0131r\u0131z.<\/p><p>Payla\u015f\u0131lan se\u00e7enekler aras\u0131ndan ilginizi \u00e7ekenleri ve\u00a0 se\u00e7ti\u011finiz evleri yerinde g\u00f6r\u00fcr, dilerseniz sizi canl\u0131 g\u00f6r\u00fcnt\u00fcl\u00fc arar ya da detayl\u0131 video \u00e7ekimleri ile s\u00fcreci uzaktan da birebir siz buradaym\u0131\u015fs\u0131n\u0131z gibi sunar, ilerletiriz.<\/p><p><strong>Bu a\u015fama s\u00fcrecin ilk ve en \u00f6nemli ad\u0131m\u0131d\u0131r.<\/strong><\/p><p>Daireyi netle\u015ftirmeniz halinde ise, tekliften s\u00f6zle\u015fmeye, hukuki s\u00fcre\u00e7lerden tapu devrine kadar t\u00fcm sat\u0131n alma s\u00fcrecini sizin ad\u0131n\u0131za yapar\u0131z.<\/p>\t\t\t\t\t\t\t\t<\/div>\n\t\t\t\t<div class=\"elementor-element elementor-element-4ef451f elementor-widget elementor-widget-heading\" data-id=\"4ef451f\" data-element_type=\"widget\" data-e-type=\"widget\" data-widget_type=\"heading.default\">\n\t\t\t\t\t<h2 class=\"elementor-heading-title elementor-size-default\">Derinlemesine B\u00f6lge Analizi ve \u00d6zel Portf\u00f6y Eri\u015fimi<\/h2>\t\t\t\t<\/div>\n\t\t\t\t<div class=\"elementor-element elementor-element-6687ce4 elementor-widget elementor-widget-text-editor\" data-id=\"6687ce4\" data-element_type=\"widget\" data-e-type=\"widget\" data-widget_type=\"text-editor.default\">\n\t\t\t\t\t\t\t\t\t<p>Dan\u0131\u015fmanl\u0131\u011f\u0131m\u0131z kapsam\u0131nda, sadece genel piyasadaki olan konutlarla de\u011fil sizin taleplerinize g\u00f6re, Nest Global\u2019in y\u0131llar i\u00e7inde kurdu\u011fu yerel a\u011fa ula\u015fm\u0131\u015f olursunuz ve ilan sitelerinde bulamayaca\u011f\u0131n\u0131z \u201c\u00d6zel Portf\u00f6y\u00fcm\u00fcz\u00fc\u201d de size a\u00e7ar\u0131z.<\/p><p>Bununla birlikte, ilgilendi\u011finiz her bir ikinci el konut i\u00e7in derinlemesine b\u00f6lge analizi yapar; b\u00f6lgenin prim potansiyelini, kentsel d\u00f6n\u00fc\u015f\u00fcm planlar\u0131n\u0131 ve ge\u00e7mi\u015f sat\u0131\u015f verilerini masaya yat\u0131r\u0131r\u0131z. B\u00f6ylece se\u00e7ti\u011finiz evin sadece fiziksel durumunu de\u011fil, bir yat\u0131r\u0131m arac\u0131 olarak gelece\u011fini de sizin ad\u0131n\u0131za denetleriz.<\/p>\t\t\t\t\t\t\t\t<\/div>\n\t\t\t\t<div class=\"elementor-element elementor-element-4a65001 elementor-widget elementor-widget-heading\" data-id=\"4a65001\" data-element_type=\"widget\" data-e-type=\"widget\" data-widget_type=\"heading.default\">\n\t\t\t\t\t<h2 class=\"elementor-heading-title elementor-size-default\">M\u00fczakere ve S\u00fcre\u00e7 Y\u00f6netimi<\/h2>\t\t\t\t<\/div>\n\t\t\t\t<div class=\"elementor-element elementor-element-36c2b3f elementor-widget elementor-widget-text-editor\" data-id=\"36c2b3f\" data-element_type=\"widget\" data-e-type=\"widget\" data-widget_type=\"text-editor.default\">\n\t\t\t\t\t\t\t\t\t<p>Londra piyasas\u0131nda h\u0131z\u0131n her \u015fey demek oldu\u011funu biliyoruz, bu y\u00fczden t\u00fcm m\u00fczakere s\u00fcrecini sizin yerinize biz \u00fcstleniriz. Teklif a\u015famas\u0131nda evin ger\u00e7ek piyasa de\u011ferini analiz ederek, sat\u0131c\u0131 taraf\u0131yla en avantajl\u0131 fiyat i\u00e7in profesyonel pazarl\u0131\u011f\u0131 sizin ad\u0131n\u0131za biz y\u00fcr\u00fct\u00fcr\u00fcz.<\/p><p>Bu s\u00fcre\u00e7te, tapu i\u015flemlerinden (conveyancing) mortgage ba\u015fvurular\u0131na kadar ihtiyac\u0131n\u0131z olan t\u00fcm hukuki ve finansal rehberli\u011fi uzman ekibimizle y\u00f6netiriz.<\/p><p>Siz Londra&#8217;da olmasan\u0131z bile, video turlar\u0131m\u0131z ve detayl\u0131 ekspertiz \u00e7al\u0131\u015fmalar\u0131m\u0131zla her detay\u0131 sizin i\u00e7in kontrol alt\u0131nda tutarak s\u00fcreci g\u00fcvenle tamamlar\u0131z.<\/p>\t\t\t\t\t\t\t\t<\/div>\n\t\t\t\t\t<\/div>\n\t\t\t\t<\/div>\n\t\t\t\t<\/div>\n\t\t","protected":false},"excerpt":{"rendered":"<p>Pazara Kapal\u0131 F\u0131rsatlar: Londra 2. El Konut &amp; \u00d6zel Portf\u00f6y \u0130kinci El Konut Dan\u0131\u015fmanl\u0131k S\u00fcreci T\u00fcm s\u00fcre\u00e7, sizinle ger\u00e7ekle\u015ftirdi\u011fimiz detayl\u0131 bir \u00f6n toplant\u0131 ile ba\u015flar. Bu ilk g\u00f6r\u00fc\u015fmede; b\u00fct\u00e7enizi, beklentilerinizi, olmazsa olmazlar\u0131n\u0131z\u0131 ve \u00f6nceliklerinizi netle\u015ftiririz. Bu bilgiler do\u011frultusunda, Londra\u2019daki t\u00fcm g\u00fcvenilir ikinci el konut platformlar\u0131n\u0131 tarayarak sizin i\u00e7in en do\u011fru evleri belirleriz. Be\u011fenilebilece\u011fini d\u00fc\u015f\u00fcnd\u00fc\u011f\u00fcm\u00fcz dairelerin&#8230;<\/p>\n","protected":false},"author":1,"featured_media":0,"parent":0,"menu_order":0,"comment_status":"closed","ping_status":"closed","template":"","meta":{"footnotes":""},"class_list":["post-9900","page","type-page","status-publish","hentry"],"_links":{"self":[{"href":"https:\/\/nestglobal.co.uk\/tr_tr\/wp-json\/wp\/v2\/pages\/9900","targetHints":{"allow":["GET"]}}],"collection":[{"href":"https:\/\/nestglobal.co.uk\/tr_tr\/wp-json\/wp\/v2\/pages"}],"about":[{"href":"https:\/\/nestglobal.co.uk\/tr_tr\/wp-json\/wp\/v2\/types\/page"}],"author":[{"embeddable":true,"href":"https:\/\/nestglobal.co.uk\/tr_tr\/wp-json\/wp\/v2\/users\/1"}],"replies":[{"embeddable":true,"href":"https:\/\/nestglobal.co.uk\/tr_tr\/wp-json\/wp\/v2\/comments?post=9900"}],"version-history":[{"count":4,"href":"https:\/\/nestglobal.co.uk\/tr_tr\/wp-json\/wp\/v2\/pages\/9900\/revisions"}],"predecessor-version":[{"id":9904,"href":"https:\/\/nestglobal.co.uk\/tr_tr\/wp-json\/wp\/v2\/pages\/9900\/revisions\/9904"}],"wp:attachment":[{"href":"https:\/\/nestglobal.co.uk\/tr_tr\/wp-json\/wp\/v2\/media?parent=9900"}],"curies":[{"name":"wp","href":"https:\/\/api.w.org\/{rel}","templated":true}]}}